{"id":36,"date":"2024-03-22T14:49:05","date_gmt":"2024-03-22T18:49:05","guid":{"rendered":"https:\/\/funvi.gob.ve\/?page_id=36"},"modified":"2026-03-04T14:42:56","modified_gmt":"2026-03-04T18:42:56","slug":"directorio","status":"publish","type":"page","link":"https:\/\/funvi.gob.ve\/?page_id=36","title":{"rendered":"DIRECTORIO"},"content":{"rendered":"\n<div class=\"wp-block-group\"><div class=\"wp-block-group__inner-container is-layout-constrained wp-block-group-is-layout-constrained\">\n<div class=\"wp-block-group\"><div class=\"wp-block-group__inner-container is-layout-constrained wp-block-group-is-layout-constrained\">\n<ul class=\"wp-block-list\">\n<li><strong>JEFA DE DIVISI\u00d3N DE GESTI\u00d3N HUMANA<\/strong>\n<ul class=\"wp-block-list\">\n<li><strong>GONZ\u00c1LEZ DE RAM\u00cdREZ, ROSAURA JOSEFINA<\/strong><\/li>\n\n\n\n<li><strong><em><a href=\"gestionhumana@funvi.gob.ve\">gestionhumana@funvi.gob.ve<\/a> &nbsp;\/ &nbsp;<a href=\"rgonzalez@funvi.gob.ve\">rgonzalez@funvi.gob.ve<\/a><\/em><\/strong><\/li>\n<\/ul>\n<\/li>\n<\/ul>\n<\/div><\/div>\n\n\n\n<ul class=\"wp-block-list\">\n<li><strong>JEFE DE DIVISI\u00d3N DE TECNOLOG\u00cdA DE LA INFORMACI\u00d3N Y LA COMUNICACI\u00d3N<\/strong>\n<ul class=\"wp-block-list\">\n<li><strong>AGUIAR PINTO, WILBER ALEXANDER<\/strong><\/li>\n\n\n\n<li><strong><em><a href=\"http:\/\/tecnolog\u00eda@funvi.gob.ve\">tecnolog\u00eda@funvi.gob.ve<\/a> &nbsp;\/ <\/em><\/strong> <strong><em><a href=\"mailto:waguiar@funvi.gob.ve\">waguiar@funvi.gob.ve<\/a><\/em><\/strong><\/li>\n<\/ul>\n<\/li>\n<\/ul>\n\n\n\n<p><\/p>\n\n\n\n<ul class=\"wp-block-list\">\n<li><strong>JEFA DE DIVISI\u00d3N DE PLANIFICACI\u00d3N, ORGANIZACI\u00d3N Y PRESUPUESTO<\/strong>\n<ul class=\"wp-block-list\">\n<li><strong>MORALES, EVELYN KEISI<\/strong><\/li>\n\n\n\n<li><strong><em><a href=\"planificacionorganizacionypresupuesto@funvi.gob.ve\">planificacionorganizacionypresupuesto@funvi.gob.ve<\/a> &nbsp;\/&nbsp; <a href=\"emorales@funvi.gob.ve\">emorales@funvi.gob.ve<\/a><\/em><\/strong><\/li>\n<\/ul>\n<\/li>\n<\/ul>\n\n\n\n<p><\/p>\n\n\n\n<ul class=\"wp-block-list\">\n<li><strong>JEFA DE DIVISI\u00d3N DE GESTI\u00d3N ADMINISTRATIVA<\/strong>\n<ul class=\"wp-block-list\">\n<li><strong>CARMONA MORENO, FAVIOLA JOSE<\/strong><\/li>\n\n\n\n<li><strong><em><a href=\"administracion@funvi.gob.ve\">administracion@funvi.gob.ve<\/a> \/&nbsp;<a href=\"fcarmona@funvi.gob.ve\"> fcarmona@funvi.gob.ve<\/a><\/em><\/strong><\/li>\n<\/ul>\n<\/li>\n<\/ul>\n\n\n\n<p><\/p>\n\n\n\n<ul class=\"wp-block-list\">\n<li><strong>JEFE DE DIVISI\u00d3N GESTI\u00d3N COMUNICACIONAL<\/strong>\n<ul class=\"wp-block-list\">\n<li><strong>TOVAR ROMERO, ALEJANDRO<\/strong><\/li>\n\n\n\n<li><strong><em><a href=\"comunicaciones@funvi.gob.ve\">comunicaciones@funvi.gob.ve<\/a> \/ <a href=\"mandrade@funvi.gob.ve\">atovar@funvi.gob.ve<\/a><\/em><\/strong><\/li>\n<\/ul>\n<\/li>\n<\/ul>\n\n\n\n<p><\/p>\n\n\n\n<ul class=\"wp-block-list\">\n<li><strong><em>AUDITORA INTERNA<\/em><\/strong>\n<ul class=\"wp-block-list\">\n<li><strong><em>BASTIDAS HIDALGO, ZULAY DEL CARMEN<\/em><\/strong><\/li>\n\n\n\n<li><strong><em><a href=\"consultoria@funvi.gob.ve\">auditoriainterna@funvi.gob.ve<\/a>\u00a0 \/ \u00a0<a href=\"yrondon@funvi.gob.ve\">zbastidas@funvi.gob.ve<\/a><\/em><\/strong><\/li>\n<\/ul>\n<\/li>\n<\/ul>\n\n\n\n<p><\/p>\n\n\n\n<ul class=\"wp-block-list\">\n<li><strong>CONSULTORA JUR\u00cdDICA<\/strong>\n<ul class=\"wp-block-list\">\n<li><strong>PERDOMO BLANCO, KARLA VIRGINIA<\/strong><\/li>\n\n\n\n<li><strong><em><a href=\"mailto:consultoria@funvi.gob.ve\" target=\"_blank\" rel=\"noreferrer noopener\">consultoria@funvi.gob.v<\/a><a href=\"consultoria@funvi.gob.ve\" target=\"_blank\" rel=\"noreferrer noopener\">e<\/a> \/ <a href=\"mailto:kperdomo@funvi.gob.ve\" target=\"_blank\" rel=\"noreferrer noopener\">kperdo<\/a><a href=\"kperdomo@funvi.gob.ve\" target=\"_blank\" rel=\"noreferrer noopener\">mo@funvi.gob.ve<\/a><\/em><\/strong><\/li>\n<\/ul>\n<\/li>\n<\/ul>\n\n\n\n<p><\/p>\n\n\n\n<ul class=\"wp-block-list\">\n<li><strong>GERENTE DE APOYO COMUNITARIA<\/strong>\n<ul class=\"wp-block-list\">\n<li><strong>JOSA MORENO, SZILARD<\/strong><\/li>\n\n\n\n<li><strong><em><a href=\"mailto:apoyocomunitaria@funvi.gob.ve\" target=\"_blank\" rel=\"noreferrer noopener\">apoyocomunitaria@funvi.gob.v<\/a><a href=\"apoyocomunitaria@funvi.gob.ve\" target=\"_blank\" rel=\"noreferrer noopener\">e<\/a> \/ <a href=\"sjosa@funvi.gob.ve\" target=\"_blank\" rel=\"noreferrer noopener\">sjosa@funvi.gob.ve<\/a><\/em><\/strong><\/li>\n<\/ul>\n<\/li>\n<\/ul>\n\n\n\n<p><\/p>\n\n\n\n<ul class=\"wp-block-list\">\n<li><strong>GERENTE DE EJECUCI\u00d3N DIRECTA DE OBRAS<\/strong>\n<ul class=\"wp-block-list\">\n<li><strong>GUERRA, JAKSON AVELINO<\/strong><\/li>\n\n\n\n<li><strong><em><a href=\"mailto:obras@funvi.gob.ve\" target=\"_blank\" rel=\"noreferrer noopener\">obras@funvi.gob<\/a><a href=\"obras@funvi.gob.ve\" target=\"_blank\" rel=\"noreferrer noopener\">.ve<\/a>&nbsp;&nbsp; \/  <a href=\"jguerra@funvi.gob.ve\" target=\"_blank\" rel=\"noreferrer noopener\">jguerra@funvi.gob.ve<\/a><\/em><\/strong><\/li>\n<\/ul>\n<\/li>\n<\/ul>\n\n\n\n<p><\/p>\n\n\n\n<ul class=\"wp-block-list\">\n<li><strong>SUB GERENTE &nbsp;DE EJECUCI\u00d3N DIRECTA DE OBRAS<\/strong>\n<ul class=\"wp-block-list\">\n<li><strong>RENGIFO ALVARADO, YANEIDY ISABEL<\/strong><\/li>\n\n\n\n<li><strong><em><a href=\"mailto:yrengifo@funvi.gob.ve\" target=\"_blank\" rel=\"noreferrer noopener\">yrengifo@funvi.gob.<\/a><a href=\"yrengifo@funvi.gob.ve\" target=\"_blank\" rel=\"noreferrer noopener\">ve<\/a><\/em><\/strong><\/li>\n<\/ul>\n<\/li>\n<\/ul>\n<\/div><\/div>\n","protected":false},"excerpt":{"rendered":"","protected":false},"author":2,"featured_media":0,"parent":0,"menu_order":0,"comment_status":"closed","ping_status":"closed","template":"","meta":{"footnotes":""},"class_list":["post-36","page","type-page","status-publish","hentry"],"yoast_head":"<!-- This site is optimized with the Yoast SEO plugin v23.3 - https:\/\/yoast.com\/wordpress\/plugins\/seo\/ -->\n<title>DIRECTORIO - FUNVI<\/title>\n<meta name=\"robots\" content=\"index, follow, max-snippet:-1, max-image-preview:large, max-video-preview:-1\" \/>\n<link rel=\"canonical\" href=\"https:\/\/funvi.gob.ve\/?page_id=36\" \/>\n<meta property=\"og:locale\" content=\"es_ES\" \/>\n<meta property=\"og:type\" content=\"article\" \/>\n<meta property=\"og:title\" content=\"DIRECTORIO - FUNVI\" \/>\n<meta property=\"og:url\" content=\"https:\/\/funvi.gob.ve\/?page_id=36\" \/>\n<meta property=\"og:site_name\" content=\"FUNVI\" \/>\n<meta property=\"article:publisher\" content=\"https:\/\/www.facebook.com\/funvi.gdc.10\" \/>\n<meta property=\"article:modified_time\" content=\"2026-03-04T18:42:56+00:00\" \/>\n<meta name=\"twitter:card\" content=\"summary_large_image\" \/>\n<meta name=\"twitter:site\" content=\"@gdcfunvl\" \/>\n<meta name=\"twitter:label1\" content=\"Tiempo estimado de lectura\" \/>\n\t<meta name=\"twitter:data1\" content=\"1 minuto\" \/>\n<script type=\"application\/ld+json\" class=\"yoast-schema-graph\">{\"@context\":\"https:\/\/schema.org\",\"@graph\":[{\"@type\":\"WebPage\",\"@id\":\"https:\/\/funvi.gob.ve\/?page_id=36\",\"url\":\"https:\/\/funvi.gob.ve\/?page_id=36\",\"name\":\"DIRECTORIO - FUNVI\",\"isPartOf\":{\"@id\":\"https:\/\/funvi.gob.ve\/#website\"},\"datePublished\":\"2024-03-22T18:49:05+00:00\",\"dateModified\":\"2026-03-04T18:42:56+00:00\",\"breadcrumb\":{\"@id\":\"https:\/\/funvi.gob.ve\/?page_id=36#breadcrumb\"},\"inLanguage\":\"es\",\"potentialAction\":[{\"@type\":\"ReadAction\",\"target\":[\"https:\/\/funvi.gob.ve\/?page_id=36\"]}]},{\"@type\":\"BreadcrumbList\",\"@id\":\"https:\/\/funvi.gob.ve\/?page_id=36#breadcrumb\",\"itemListElement\":[{\"@type\":\"ListItem\",\"position\":1,\"name\":\"Portada\",\"item\":\"https:\/\/funvi.gob.ve\/\"},{\"@type\":\"ListItem\",\"position\":2,\"name\":\"DIRECTORIO\"}]},{\"@type\":\"WebSite\",\"@id\":\"https:\/\/funvi.gob.ve\/#website\",\"url\":\"https:\/\/funvi.gob.ve\/\",\"name\":\"FUNVI\",\"description\":\"Fundaci\u00f3n Vivienda\",\"publisher\":{\"@id\":\"https:\/\/funvi.gob.ve\/#organization\"},\"potentialAction\":[{\"@type\":\"SearchAction\",\"target\":{\"@type\":\"EntryPoint\",\"urlTemplate\":\"https:\/\/funvi.gob.ve\/?s={search_term_string}\"},\"query-input\":\"required name=search_term_string\"}],\"inLanguage\":\"es\"},{\"@type\":\"Organization\",\"@id\":\"https:\/\/funvi.gob.ve\/#organization\",\"name\":\"FUNVI\",\"url\":\"https:\/\/funvi.gob.ve\/\",\"logo\":{\"@type\":\"ImageObject\",\"inLanguage\":\"es\",\"@id\":\"https:\/\/funvi.gob.ve\/#\/schema\/logo\/image\/\",\"url\":\"https:\/\/funvi.gob.ve\/wp-content\/uploads\/2024\/03\/FUNVI.jpg\",\"contentUrl\":\"https:\/\/funvi.gob.ve\/wp-content\/uploads\/2024\/03\/FUNVI.jpg\",\"width\":225,\"height\":225,\"caption\":\"FUNVI\"},\"image\":{\"@id\":\"https:\/\/funvi.gob.ve\/#\/schema\/logo\/image\/\"},\"sameAs\":[\"https:\/\/www.facebook.com\/funvi.gdc.10\",\"https:\/\/x.com\/gdcfunvl\",\"https:\/\/www.instagram.com\/gdcfunvi\/\"]}]}<\/script>\n<!-- \/ Yoast SEO plugin. -->","yoast_head_json":{"title":"DIRECTORIO - FUNVI","robots":{"index":"index","follow":"follow","max-snippet":"max-snippet:-1","max-image-preview":"max-image-preview:large","max-video-preview":"max-video-preview:-1"},"canonical":"https:\/\/funvi.gob.ve\/?page_id=36","og_locale":"es_ES","og_type":"article","og_title":"DIRECTORIO - FUNVI","og_url":"https:\/\/funvi.gob.ve\/?page_id=36","og_site_name":"FUNVI","article_publisher":"https:\/\/www.facebook.com\/funvi.gdc.10","article_modified_time":"2026-03-04T18:42:56+00:00","twitter_card":"summary_large_image","twitter_site":"@gdcfunvl","twitter_misc":{"Tiempo estimado de lectura":"1 minuto"},"schema":{"@context":"https:\/\/schema.org","@graph":[{"@type":"WebPage","@id":"https:\/\/funvi.gob.ve\/?page_id=36","url":"https:\/\/funvi.gob.ve\/?page_id=36","name":"DIRECTORIO - FUNVI","isPartOf":{"@id":"https:\/\/funvi.gob.ve\/#website"},"datePublished":"2024-03-22T18:49:05+00:00","dateModified":"2026-03-04T18:42:56+00:00","breadcrumb":{"@id":"https:\/\/funvi.gob.ve\/?page_id=36#breadcrumb"},"inLanguage":"es","potentialAction":[{"@type":"ReadAction","target":["https:\/\/funvi.gob.ve\/?page_id=36"]}]},{"@type":"BreadcrumbList","@id":"https:\/\/funvi.gob.ve\/?page_id=36#breadcrumb","itemListElement":[{"@type":"ListItem","position":1,"name":"Portada","item":"https:\/\/funvi.gob.ve\/"},{"@type":"ListItem","position":2,"name":"DIRECTORIO"}]},{"@type":"WebSite","@id":"https:\/\/funvi.gob.ve\/#website","url":"https:\/\/funvi.gob.ve\/","name":"FUNVI","description":"Fundaci\u00f3n Vivienda","publisher":{"@id":"https:\/\/funvi.gob.ve\/#organization"},"potentialAction":[{"@type":"SearchAction","target":{"@type":"EntryPoint","urlTemplate":"https:\/\/funvi.gob.ve\/?s={search_term_string}"},"query-input":"required name=search_term_string"}],"inLanguage":"es"},{"@type":"Organization","@id":"https:\/\/funvi.gob.ve\/#organization","name":"FUNVI","url":"https:\/\/funvi.gob.ve\/","logo":{"@type":"ImageObject","inLanguage":"es","@id":"https:\/\/funvi.gob.ve\/#\/schema\/logo\/image\/","url":"https:\/\/funvi.gob.ve\/wp-content\/uploads\/2024\/03\/FUNVI.jpg","contentUrl":"https:\/\/funvi.gob.ve\/wp-content\/uploads\/2024\/03\/FUNVI.jpg","width":225,"height":225,"caption":"FUNVI"},"image":{"@id":"https:\/\/funvi.gob.ve\/#\/schema\/logo\/image\/"},"sameAs":["https:\/\/www.facebook.com\/funvi.gdc.10","https:\/\/x.com\/gdcfunvl","https:\/\/www.instagram.com\/gdcfunvi\/"]}]}},"jetpack_sharing_enabled":true,"_links":{"self":[{"href":"https:\/\/funvi.gob.ve\/index.php?rest_route=\/wp\/v2\/pages\/36"}],"collection":[{"href":"https:\/\/funvi.gob.ve\/index.php?rest_route=\/wp\/v2\/pages"}],"about":[{"href":"https:\/\/funvi.gob.ve\/index.php?rest_route=\/wp\/v2\/types\/page"}],"author":[{"embeddable":true,"href":"https:\/\/funvi.gob.ve\/index.php?rest_route=\/wp\/v2\/users\/2"}],"replies":[{"embeddable":true,"href":"https:\/\/funvi.gob.ve\/index.php?rest_route=%2Fwp%2Fv2%2Fcomments&post=36"}],"version-history":[{"count":12,"href":"https:\/\/funvi.gob.ve\/index.php?rest_route=\/wp\/v2\/pages\/36\/revisions"}],"predecessor-version":[{"id":1207,"href":"https:\/\/funvi.gob.ve\/index.php?rest_route=\/wp\/v2\/pages\/36\/revisions\/1207"}],"wp:attachment":[{"href":"https:\/\/funvi.gob.ve\/index.php?rest_route=%2Fwp%2Fv2%2Fmedia&parent=36"}],"curies":[{"name":"wp","href":"https:\/\/api.w.org\/{rel}","templated":true}]}}