{"id":27,"date":"2024-03-22T14:48:52","date_gmt":"2024-03-22T18:48:52","guid":{"rendered":"https:\/\/funvi.gob.ve\/?page_id=27"},"modified":"2024-03-26T15:27:22","modified_gmt":"2024-03-26T19:27:22","slug":"competencias-y-organizacion","status":"publish","type":"page","link":"https:\/\/funvi.gob.ve\/?page_id=27","title":{"rendered":"COMPETENCIAS Y ORGANIZACI\u00d3N"},"content":{"rendered":"\n<p>La Fundaci\u00f3n para llevar a cabo su objeto, realizar\u00e1 las siguientes actividades:<\/p>\n\n\n\n<ul class=\"wp-block-list\">\n<li>Financiar y\/o construir viviendas, o contratar su construcci\u00f3n.<\/li>\n<\/ul>\n\n\n\n<p><\/p>\n\n\n\n<ul class=\"wp-block-list\">\n<li>Adquirir, enajenar, arrendar o dar en arrendamiento, adjudicar, ceder y\/o donar viviendas, con el objeto de lograr los fines perseguidos por las pol\u00edticas emanadas del Gobierno del Distrito Capital en el \u00e1rea de su competencia.<\/li>\n<\/ul>\n\n\n\n<p><\/p>\n\n\n\n<ul class=\"wp-block-list\">\n<li>Otorgar financiamientos a las comunas, destinados a la construcci\u00f3n de urbanismos y viviendas, as\u00ed como la adquisici\u00f3n de materiales de construcci\u00f3n. Ejecutar e incentivar la auto-gesti\u00f3n por parte de la comunidad de proyectos de infraestructura, programas sociales, servicios b\u00e1sicos y actividades productivas en correspondencia con el presupuesto transferido por las instituciones del estado y los objetivos de la Fundaci\u00f3n.<\/li>\n<\/ul>\n\n\n\n<p><\/p>\n\n\n\n<ul class=\"wp-block-list\">\n<li>Adquirir y\/o solicitar la donaci\u00f3n de terrenos o parcelas de entes p\u00fablicos o privados y\/o personas naturales o jur\u00eddicas.<\/li>\n<\/ul>\n\n\n\n<p><\/p>\n\n\n\n<ul class=\"wp-block-list\">\n<li>Celebrar contratos con organismos p\u00fablicos o privados, o con personas naturales y\/o jur\u00eddicas, a los fines de obtener el financiamiento necesario para la construcci\u00f3n, adquisici\u00f3n o enajenaci\u00f3n de viviendas, conforme a las disposiciones legales que rigen la materia.<\/li>\n<\/ul>\n\n\n\n<p><\/p>\n\n\n\n<ul class=\"wp-block-list\">\n<li>Promover programas de autoconstrucci\u00f3n de viviendas por parte de las comunidades organizadas, y otorgar financiamientos destinados a la construcci\u00f3n de urbanismo y viviendas, as\u00ed como la adquisici\u00f3n de materiales de construcci\u00f3n.<\/li>\n<\/ul>\n\n\n\n<p><\/p>\n\n\n\n<ul class=\"wp-block-list\">\n<li>Celebrar contratos de comodato y de enfiteusis de inmuebles conforme a las disposiciones legales que rigen la materia.<\/li>\n<\/ul>\n\n\n\n<p><\/p>\n\n\n\n<ul class=\"wp-block-list\">\n<li>Contratar la realizaci\u00f3n de proyectos urban\u00edsticos y\/o viviendas y sus respectivas inspecciones.<\/li>\n<\/ul>\n\n\n\n<p><\/p>\n\n\n\n<ul class=\"wp-block-list\">\n<li>Adquirir bienes para el uso y funcionamiento de la Fundaci\u00f3n.<\/li>\n<\/ul>\n\n\n\n<p><\/p>\n\n\n\n<ul class=\"wp-block-list\">\n<li>Celebrar contratos destinados a la adquisici\u00f3n de tecnolog\u00eda, patentes y\/o marcas que permitan la construcci\u00f3n y uso de material alternativo.<\/li>\n<\/ul>\n\n\n\n<p><\/p>\n\n\n\n<ul class=\"wp-block-list\">\n<li>Adquirir en el pa\u00eds o importar materiales de construcci\u00f3n para los fines previstos en los presentes estatutos.<\/li>\n<\/ul>\n\n\n\n<p><\/p>\n\n\n\n<ul class=\"wp-block-list\">\n<li>Elaborar y desarrollar programas de acci\u00f3n social para que se instale o promueva la participaci\u00f3n ciudadana en la definici\u00f3n, formulaci\u00f3n, planificaci\u00f3n, dise\u00f1o y ejecuci\u00f3n de la gesti\u00f3n a trav\u00e9s de los consejos comunales o cualquier otra forma de asociaci\u00f3n comunitaria, en las \u00e1reas urbanas o rurales atendidas por la Fundaci\u00f3n.<\/li>\n<\/ul>\n\n\n\n<p><\/p>\n\n\n\n<ul class=\"wp-block-list\">\n<li>Construir o contratar la edificaci\u00f3n de la infraestructura de servicio y urbanismo, para el equipamiento de las \u00e1reas a desarrollarse.<\/li>\n<\/ul>\n\n\n\n<p><\/p>\n\n\n\n<ul class=\"wp-block-list\">\n<li>En general, ejecutar todos aquellos actos necesarios para llevar a cabo las operaciones que sean convenientes para los fines de alcanzar el objeto de la Fundaci\u00f3n, de acuerdo a los lineamientos, planes y proyectos que en materia de vivienda y h\u00e1bitat imparta el Gobierno del Distrito capital.<\/li>\n<\/ul>\n\n\n\n<p><\/p>\n\n\n\n<ul class=\"wp-block-list\">\n<li>Suscribir alianzas estrat\u00e9gicas, acuerdos de cooperaci\u00f3n, convenios interinstitucionales, con personas naturales o jur\u00eddicas, ya sean p\u00fablicas o privadas.<\/li>\n<\/ul>\n\n\n\n<p><\/p>\n","protected":false},"excerpt":{"rendered":"<p>La Fundaci\u00f3n para llevar a cabo su objeto, realizar\u00e1 las siguientes actividades:<\/p>\n","protected":false},"author":2,"featured_media":0,"parent":0,"menu_order":0,"comment_status":"closed","ping_status":"closed","template":"","meta":{"footnotes":""},"class_list":["post-27","page","type-page","status-publish","hentry"],"yoast_head":"<!-- This site is optimized with the Yoast SEO plugin v23.3 - https:\/\/yoast.com\/wordpress\/plugins\/seo\/ -->\n<title>COMPETENCIAS Y ORGANIZACI\u00d3N - FUNVI<\/title>\n<meta name=\"robots\" content=\"index, follow, max-snippet:-1, max-image-preview:large, max-video-preview:-1\" \/>\n<link rel=\"canonical\" href=\"https:\/\/funvi.gob.ve\/?page_id=27\" \/>\n<meta property=\"og:locale\" content=\"es_ES\" \/>\n<meta property=\"og:type\" content=\"article\" \/>\n<meta property=\"og:title\" content=\"COMPETENCIAS Y ORGANIZACI\u00d3N - FUNVI\" \/>\n<meta property=\"og:description\" content=\"La Fundaci\u00f3n para llevar a cabo su objeto, realizar\u00e1 las siguientes actividades:\" \/>\n<meta property=\"og:url\" content=\"https:\/\/funvi.gob.ve\/?page_id=27\" \/>\n<meta property=\"og:site_name\" content=\"FUNVI\" \/>\n<meta property=\"article:publisher\" content=\"https:\/\/www.facebook.com\/funvi.gdc.10\" \/>\n<meta property=\"article:modified_time\" content=\"2024-03-26T19:27:22+00:00\" \/>\n<meta name=\"twitter:card\" content=\"summary_large_image\" \/>\n<meta name=\"twitter:site\" content=\"@gdcfunvl\" \/>\n<meta name=\"twitter:label1\" content=\"Tiempo estimado de lectura\" \/>\n\t<meta name=\"twitter:data1\" content=\"2 minutos\" \/>\n<script type=\"application\/ld+json\" class=\"yoast-schema-graph\">{\"@context\":\"https:\/\/schema.org\",\"@graph\":[{\"@type\":\"WebPage\",\"@id\":\"https:\/\/funvi.gob.ve\/?page_id=27\",\"url\":\"https:\/\/funvi.gob.ve\/?page_id=27\",\"name\":\"COMPETENCIAS Y ORGANIZACI\u00d3N - FUNVI\",\"isPartOf\":{\"@id\":\"https:\/\/funvi.gob.ve\/#website\"},\"datePublished\":\"2024-03-22T18:48:52+00:00\",\"dateModified\":\"2024-03-26T19:27:22+00:00\",\"breadcrumb\":{\"@id\":\"https:\/\/funvi.gob.ve\/?page_id=27#breadcrumb\"},\"inLanguage\":\"es\",\"potentialAction\":[{\"@type\":\"ReadAction\",\"target\":[\"https:\/\/funvi.gob.ve\/?page_id=27\"]}]},{\"@type\":\"BreadcrumbList\",\"@id\":\"https:\/\/funvi.gob.ve\/?page_id=27#breadcrumb\",\"itemListElement\":[{\"@type\":\"ListItem\",\"position\":1,\"name\":\"Portada\",\"item\":\"https:\/\/funvi.gob.ve\/\"},{\"@type\":\"ListItem\",\"position\":2,\"name\":\"COMPETENCIAS Y ORGANIZACI\u00d3N\"}]},{\"@type\":\"WebSite\",\"@id\":\"https:\/\/funvi.gob.ve\/#website\",\"url\":\"https:\/\/funvi.gob.ve\/\",\"name\":\"FUNVI\",\"description\":\"Fundaci\u00f3n Vivienda\",\"publisher\":{\"@id\":\"https:\/\/funvi.gob.ve\/#organization\"},\"potentialAction\":[{\"@type\":\"SearchAction\",\"target\":{\"@type\":\"EntryPoint\",\"urlTemplate\":\"https:\/\/funvi.gob.ve\/?s={search_term_string}\"},\"query-input\":\"required name=search_term_string\"}],\"inLanguage\":\"es\"},{\"@type\":\"Organization\",\"@id\":\"https:\/\/funvi.gob.ve\/#organization\",\"name\":\"FUNVI\",\"url\":\"https:\/\/funvi.gob.ve\/\",\"logo\":{\"@type\":\"ImageObject\",\"inLanguage\":\"es\",\"@id\":\"https:\/\/funvi.gob.ve\/#\/schema\/logo\/image\/\",\"url\":\"https:\/\/funvi.gob.ve\/wp-content\/uploads\/2024\/03\/FUNVI.jpg\",\"contentUrl\":\"https:\/\/funvi.gob.ve\/wp-content\/uploads\/2024\/03\/FUNVI.jpg\",\"width\":225,\"height\":225,\"caption\":\"FUNVI\"},\"image\":{\"@id\":\"https:\/\/funvi.gob.ve\/#\/schema\/logo\/image\/\"},\"sameAs\":[\"https:\/\/www.facebook.com\/funvi.gdc.10\",\"https:\/\/x.com\/gdcfunvl\",\"https:\/\/www.instagram.com\/gdcfunvi\/\"]}]}<\/script>\n<!-- \/ Yoast SEO plugin. -->","yoast_head_json":{"title":"COMPETENCIAS Y ORGANIZACI\u00d3N - FUNVI","robots":{"index":"index","follow":"follow","max-snippet":"max-snippet:-1","max-image-preview":"max-image-preview:large","max-video-preview":"max-video-preview:-1"},"canonical":"https:\/\/funvi.gob.ve\/?page_id=27","og_locale":"es_ES","og_type":"article","og_title":"COMPETENCIAS Y ORGANIZACI\u00d3N - FUNVI","og_description":"La Fundaci\u00f3n para llevar a cabo su objeto, realizar\u00e1 las siguientes actividades:","og_url":"https:\/\/funvi.gob.ve\/?page_id=27","og_site_name":"FUNVI","article_publisher":"https:\/\/www.facebook.com\/funvi.gdc.10","article_modified_time":"2024-03-26T19:27:22+00:00","twitter_card":"summary_large_image","twitter_site":"@gdcfunvl","twitter_misc":{"Tiempo estimado de lectura":"2 minutos"},"schema":{"@context":"https:\/\/schema.org","@graph":[{"@type":"WebPage","@id":"https:\/\/funvi.gob.ve\/?page_id=27","url":"https:\/\/funvi.gob.ve\/?page_id=27","name":"COMPETENCIAS Y ORGANIZACI\u00d3N - FUNVI","isPartOf":{"@id":"https:\/\/funvi.gob.ve\/#website"},"datePublished":"2024-03-22T18:48:52+00:00","dateModified":"2024-03-26T19:27:22+00:00","breadcrumb":{"@id":"https:\/\/funvi.gob.ve\/?page_id=27#breadcrumb"},"inLanguage":"es","potentialAction":[{"@type":"ReadAction","target":["https:\/\/funvi.gob.ve\/?page_id=27"]}]},{"@type":"BreadcrumbList","@id":"https:\/\/funvi.gob.ve\/?page_id=27#breadcrumb","itemListElement":[{"@type":"ListItem","position":1,"name":"Portada","item":"https:\/\/funvi.gob.ve\/"},{"@type":"ListItem","position":2,"name":"COMPETENCIAS Y ORGANIZACI\u00d3N"}]},{"@type":"WebSite","@id":"https:\/\/funvi.gob.ve\/#website","url":"https:\/\/funvi.gob.ve\/","name":"FUNVI","description":"Fundaci\u00f3n Vivienda","publisher":{"@id":"https:\/\/funvi.gob.ve\/#organization"},"potentialAction":[{"@type":"SearchAction","target":{"@type":"EntryPoint","urlTemplate":"https:\/\/funvi.gob.ve\/?s={search_term_string}"},"query-input":"required name=search_term_string"}],"inLanguage":"es"},{"@type":"Organization","@id":"https:\/\/funvi.gob.ve\/#organization","name":"FUNVI","url":"https:\/\/funvi.gob.ve\/","logo":{"@type":"ImageObject","inLanguage":"es","@id":"https:\/\/funvi.gob.ve\/#\/schema\/logo\/image\/","url":"https:\/\/funvi.gob.ve\/wp-content\/uploads\/2024\/03\/FUNVI.jpg","contentUrl":"https:\/\/funvi.gob.ve\/wp-content\/uploads\/2024\/03\/FUNVI.jpg","width":225,"height":225,"caption":"FUNVI"},"image":{"@id":"https:\/\/funvi.gob.ve\/#\/schema\/logo\/image\/"},"sameAs":["https:\/\/www.facebook.com\/funvi.gdc.10","https:\/\/x.com\/gdcfunvl","https:\/\/www.instagram.com\/gdcfunvi\/"]}]}},"jetpack_sharing_enabled":true,"_links":{"self":[{"href":"https:\/\/funvi.gob.ve\/index.php?rest_route=\/wp\/v2\/pages\/27"}],"collection":[{"href":"https:\/\/funvi.gob.ve\/index.php?rest_route=\/wp\/v2\/pages"}],"about":[{"href":"https:\/\/funvi.gob.ve\/index.php?rest_route=\/wp\/v2\/types\/page"}],"author":[{"embeddable":true,"href":"https:\/\/funvi.gob.ve\/index.php?rest_route=\/wp\/v2\/users\/2"}],"replies":[{"embeddable":true,"href":"https:\/\/funvi.gob.ve\/index.php?rest_route=%2Fwp%2Fv2%2Fcomments&post=27"}],"version-history":[{"count":4,"href":"https:\/\/funvi.gob.ve\/index.php?rest_route=\/wp\/v2\/pages\/27\/revisions"}],"predecessor-version":[{"id":96,"href":"https:\/\/funvi.gob.ve\/index.php?rest_route=\/wp\/v2\/pages\/27\/revisions\/96"}],"wp:attachment":[{"href":"https:\/\/funvi.gob.ve\/index.php?rest_route=%2Fwp%2Fv2%2Fmedia&parent=27"}],"curies":[{"name":"wp","href":"https:\/\/api.w.org\/{rel}","templated":true}]}}