{"id":25,"date":"2024-03-22T14:52:55","date_gmt":"2024-03-22T18:52:55","guid":{"rendered":"https:\/\/funvi.gob.ve\/?page_id=25"},"modified":"2024-03-26T15:07:41","modified_gmt":"2024-03-26T19:07:41","slug":"marco-normativo","status":"publish","type":"page","link":"https:\/\/funvi.gob.ve\/?page_id=25","title":{"rendered":"MARCO NORMATIVO"},"content":{"rendered":"\n<p>La Fundaci\u00f3n Vivienda Distrito Metropolitano de Caracas (FUNVI-D.M.C.) fue creada por la Gobernaci\u00f3n del Distrito Federal e inscrita en la Oficina Subalterna del tercer circuito del Registro del Municipio Libertador del Distrito Federal (ahora Distrito Capital) en fecha 28 de mayo de 1996, bajo el N\u00b0 2, Tomo 30, Protocolo Primero.<\/p>\n\n\n\n<p>En el A\u00f1o 2000, por disposici\u00f3n del Alcalde del Distrito Metropolitano de Caracas en uso de las atribuciones que le confiere los numerales 2 y 9 del art\u00edculo 8 de la Ley Especial sobre el R\u00e9gimen del Distrito Metropolitano de Caracas publicada en Gaceta Oficial de la Rep\u00fablica Bolivariana de Venezuela N\u00b0 36.906 de fecha 8 de marzo del a\u00f1o 2000, en concordancia con lo establecido en la cl\u00e1usula d\u00e9cima octava de los estatus de la Fundaci\u00f3n Vivienda Distrito Metropolitano de Caracas, FUNVI D.M.C. y en cumplimiento a lo ordenado en el Decreto Nro. 0123 de fecha 01 de junio de 2002, publicado en Gaceta Oficial Nro. 37.471 de fecha 25 de junio de 2002, fueron modificados sus estatutos mediante documento de fecha 3 de octubre de 2001, quedando registrada bajo el N\u00b0 8, Tomo 5; Protocolo Primero llevado por esa misma Oficina de Registro P\u00fablico, reformada parcialmente las cl\u00e1usulas d\u00e9cima primera y d\u00e9cima tercera del acta constitutiva y estatus sociales.<\/p>\n\n\n\n<p>Actualmente se denomina Fundaci\u00f3n Vivienda del Distrito Capital la misma se encuentra adscrita al Gobierno del Distrito Capital en concordancia a lo establecido en el Decreto Nro. 010 de fecha dos de junio del a\u00f1o 2009, mediante el cual el Distrito Capital asume provisionalmente y pleno de derecho las competencias, servicios, bienes y recursos, que transitoriamente administraba el Distrito Metropolitano de Caracas. Con lo establecido , la Fundaci\u00f3n Vivienda del Distrito Capital, tiene como objeto la promoci\u00f3n, administraci\u00f3n y ejecuci\u00f3n de los programas, planes y proyectos de vivienda y habitad de conformidad con las pol\u00edticas y directrices emanadas tanto del Gobierno del Distrito Capital, como del Ejecutivo Nacional y del ente rector en materia de Vivienda y Habitad, a fin de atender en forma integral los requerimientos habitacionales y garantizar el derecho a la vivienda y habitad digna de la poblaci\u00f3n del Distrito Capital.<\/p>\n","protected":false},"excerpt":{"rendered":"<p>La Fundaci\u00f3n Vivienda Distrito Metropolitano de Caracas (FUNVI-D.M.C.) fue creada por la Gobernaci\u00f3n del Distrito Federal e inscrita en la Oficina Subalterna del tercer circuito del Registro del Municipio Libertador del Distrito Federal (ahora Distrito Capital) en fecha 28 de mayo de 1996, bajo el N\u00b0 2, Tomo 30, Protocolo Primero. En el A\u00f1o 2000, [&hellip;]<\/p>\n","protected":false},"author":2,"featured_media":0,"parent":0,"menu_order":0,"comment_status":"closed","ping_status":"closed","template":"","meta":{"footnotes":""},"class_list":["post-25","page","type-page","status-publish","hentry"],"yoast_head":"<!-- This site is optimized with the Yoast SEO plugin v23.3 - https:\/\/yoast.com\/wordpress\/plugins\/seo\/ -->\n<title>MARCO NORMATIVO - FUNVI<\/title>\n<meta name=\"robots\" content=\"index, follow, max-snippet:-1, max-image-preview:large, max-video-preview:-1\" \/>\n<link rel=\"canonical\" href=\"https:\/\/funvi.gob.ve\/?page_id=25\" \/>\n<meta property=\"og:locale\" content=\"es_ES\" \/>\n<meta property=\"og:type\" content=\"article\" \/>\n<meta property=\"og:title\" content=\"MARCO NORMATIVO - FUNVI\" \/>\n<meta property=\"og:description\" content=\"La Fundaci\u00f3n Vivienda Distrito Metropolitano de Caracas (FUNVI-D.M.C.) fue creada por la Gobernaci\u00f3n del Distrito Federal e inscrita en la Oficina Subalterna del tercer circuito del Registro del Municipio Libertador del Distrito Federal (ahora Distrito Capital) en fecha 28 de mayo de 1996, bajo el N\u00b0 2, Tomo 30, Protocolo Primero. En el A\u00f1o 2000, [&hellip;]\" \/>\n<meta property=\"og:url\" content=\"https:\/\/funvi.gob.ve\/?page_id=25\" \/>\n<meta property=\"og:site_name\" content=\"FUNVI\" \/>\n<meta property=\"article:publisher\" content=\"https:\/\/www.facebook.com\/funvi.gdc.10\" \/>\n<meta property=\"article:modified_time\" content=\"2024-03-26T19:07:41+00:00\" \/>\n<meta name=\"twitter:card\" content=\"summary_large_image\" \/>\n<meta name=\"twitter:site\" content=\"@gdcfunvl\" \/>\n<meta name=\"twitter:label1\" content=\"Tiempo estimado de lectura\" \/>\n\t<meta name=\"twitter:data1\" content=\"2 minutos\" \/>\n<script type=\"application\/ld+json\" class=\"yoast-schema-graph\">{\"@context\":\"https:\/\/schema.org\",\"@graph\":[{\"@type\":\"WebPage\",\"@id\":\"https:\/\/funvi.gob.ve\/?page_id=25\",\"url\":\"https:\/\/funvi.gob.ve\/?page_id=25\",\"name\":\"MARCO NORMATIVO - FUNVI\",\"isPartOf\":{\"@id\":\"https:\/\/funvi.gob.ve\/#website\"},\"datePublished\":\"2024-03-22T18:52:55+00:00\",\"dateModified\":\"2024-03-26T19:07:41+00:00\",\"breadcrumb\":{\"@id\":\"https:\/\/funvi.gob.ve\/?page_id=25#breadcrumb\"},\"inLanguage\":\"es\",\"potentialAction\":[{\"@type\":\"ReadAction\",\"target\":[\"https:\/\/funvi.gob.ve\/?page_id=25\"]}]},{\"@type\":\"BreadcrumbList\",\"@id\":\"https:\/\/funvi.gob.ve\/?page_id=25#breadcrumb\",\"itemListElement\":[{\"@type\":\"ListItem\",\"position\":1,\"name\":\"Portada\",\"item\":\"https:\/\/funvi.gob.ve\/\"},{\"@type\":\"ListItem\",\"position\":2,\"name\":\"MARCO NORMATIVO\"}]},{\"@type\":\"WebSite\",\"@id\":\"https:\/\/funvi.gob.ve\/#website\",\"url\":\"https:\/\/funvi.gob.ve\/\",\"name\":\"FUNVI\",\"description\":\"Fundaci\u00f3n Vivienda\",\"publisher\":{\"@id\":\"https:\/\/funvi.gob.ve\/#organization\"},\"potentialAction\":[{\"@type\":\"SearchAction\",\"target\":{\"@type\":\"EntryPoint\",\"urlTemplate\":\"https:\/\/funvi.gob.ve\/?s={search_term_string}\"},\"query-input\":\"required name=search_term_string\"}],\"inLanguage\":\"es\"},{\"@type\":\"Organization\",\"@id\":\"https:\/\/funvi.gob.ve\/#organization\",\"name\":\"FUNVI\",\"url\":\"https:\/\/funvi.gob.ve\/\",\"logo\":{\"@type\":\"ImageObject\",\"inLanguage\":\"es\",\"@id\":\"https:\/\/funvi.gob.ve\/#\/schema\/logo\/image\/\",\"url\":\"https:\/\/funvi.gob.ve\/wp-content\/uploads\/2024\/03\/FUNVI.jpg\",\"contentUrl\":\"https:\/\/funvi.gob.ve\/wp-content\/uploads\/2024\/03\/FUNVI.jpg\",\"width\":225,\"height\":225,\"caption\":\"FUNVI\"},\"image\":{\"@id\":\"https:\/\/funvi.gob.ve\/#\/schema\/logo\/image\/\"},\"sameAs\":[\"https:\/\/www.facebook.com\/funvi.gdc.10\",\"https:\/\/x.com\/gdcfunvl\",\"https:\/\/www.instagram.com\/gdcfunvi\/\"]}]}<\/script>\n<!-- \/ Yoast SEO plugin. -->","yoast_head_json":{"title":"MARCO NORMATIVO - FUNVI","robots":{"index":"index","follow":"follow","max-snippet":"max-snippet:-1","max-image-preview":"max-image-preview:large","max-video-preview":"max-video-preview:-1"},"canonical":"https:\/\/funvi.gob.ve\/?page_id=25","og_locale":"es_ES","og_type":"article","og_title":"MARCO NORMATIVO - FUNVI","og_description":"La Fundaci\u00f3n Vivienda Distrito Metropolitano de Caracas (FUNVI-D.M.C.) fue creada por la Gobernaci\u00f3n del Distrito Federal e inscrita en la Oficina Subalterna del tercer circuito del Registro del Municipio Libertador del Distrito Federal (ahora Distrito Capital) en fecha 28 de mayo de 1996, bajo el N\u00b0 2, Tomo 30, Protocolo Primero. En el A\u00f1o 2000, [&hellip;]","og_url":"https:\/\/funvi.gob.ve\/?page_id=25","og_site_name":"FUNVI","article_publisher":"https:\/\/www.facebook.com\/funvi.gdc.10","article_modified_time":"2024-03-26T19:07:41+00:00","twitter_card":"summary_large_image","twitter_site":"@gdcfunvl","twitter_misc":{"Tiempo estimado de lectura":"2 minutos"},"schema":{"@context":"https:\/\/schema.org","@graph":[{"@type":"WebPage","@id":"https:\/\/funvi.gob.ve\/?page_id=25","url":"https:\/\/funvi.gob.ve\/?page_id=25","name":"MARCO NORMATIVO - FUNVI","isPartOf":{"@id":"https:\/\/funvi.gob.ve\/#website"},"datePublished":"2024-03-22T18:52:55+00:00","dateModified":"2024-03-26T19:07:41+00:00","breadcrumb":{"@id":"https:\/\/funvi.gob.ve\/?page_id=25#breadcrumb"},"inLanguage":"es","potentialAction":[{"@type":"ReadAction","target":["https:\/\/funvi.gob.ve\/?page_id=25"]}]},{"@type":"BreadcrumbList","@id":"https:\/\/funvi.gob.ve\/?page_id=25#breadcrumb","itemListElement":[{"@type":"ListItem","position":1,"name":"Portada","item":"https:\/\/funvi.gob.ve\/"},{"@type":"ListItem","position":2,"name":"MARCO NORMATIVO"}]},{"@type":"WebSite","@id":"https:\/\/funvi.gob.ve\/#website","url":"https:\/\/funvi.gob.ve\/","name":"FUNVI","description":"Fundaci\u00f3n Vivienda","publisher":{"@id":"https:\/\/funvi.gob.ve\/#organization"},"potentialAction":[{"@type":"SearchAction","target":{"@type":"EntryPoint","urlTemplate":"https:\/\/funvi.gob.ve\/?s={search_term_string}"},"query-input":"required name=search_term_string"}],"inLanguage":"es"},{"@type":"Organization","@id":"https:\/\/funvi.gob.ve\/#organization","name":"FUNVI","url":"https:\/\/funvi.gob.ve\/","logo":{"@type":"ImageObject","inLanguage":"es","@id":"https:\/\/funvi.gob.ve\/#\/schema\/logo\/image\/","url":"https:\/\/funvi.gob.ve\/wp-content\/uploads\/2024\/03\/FUNVI.jpg","contentUrl":"https:\/\/funvi.gob.ve\/wp-content\/uploads\/2024\/03\/FUNVI.jpg","width":225,"height":225,"caption":"FUNVI"},"image":{"@id":"https:\/\/funvi.gob.ve\/#\/schema\/logo\/image\/"},"sameAs":["https:\/\/www.facebook.com\/funvi.gdc.10","https:\/\/x.com\/gdcfunvl","https:\/\/www.instagram.com\/gdcfunvi\/"]}]}},"jetpack_sharing_enabled":true,"_links":{"self":[{"href":"https:\/\/funvi.gob.ve\/index.php?rest_route=\/wp\/v2\/pages\/25"}],"collection":[{"href":"https:\/\/funvi.gob.ve\/index.php?rest_route=\/wp\/v2\/pages"}],"about":[{"href":"https:\/\/funvi.gob.ve\/index.php?rest_route=\/wp\/v2\/types\/page"}],"author":[{"embeddable":true,"href":"https:\/\/funvi.gob.ve\/index.php?rest_route=\/wp\/v2\/users\/2"}],"replies":[{"embeddable":true,"href":"https:\/\/funvi.gob.ve\/index.php?rest_route=%2Fwp%2Fv2%2Fcomments&post=25"}],"version-history":[{"count":2,"href":"https:\/\/funvi.gob.ve\/index.php?rest_route=\/wp\/v2\/pages\/25\/revisions"}],"predecessor-version":[{"id":93,"href":"https:\/\/funvi.gob.ve\/index.php?rest_route=\/wp\/v2\/pages\/25\/revisions\/93"}],"wp:attachment":[{"href":"https:\/\/funvi.gob.ve\/index.php?rest_route=%2Fwp%2Fv2%2Fmedia&parent=25"}],"curies":[{"name":"wp","href":"https:\/\/api.w.org\/{rel}","templated":true}]}}