{"id":19,"date":"2024-03-22T14:46:22","date_gmt":"2024-03-22T18:46:22","guid":{"rendered":"https:\/\/funvi.gob.ve\/?page_id=19"},"modified":"2024-03-26T14:59:10","modified_gmt":"2024-03-26T18:59:10","slug":"vision","status":"publish","type":"page","link":"https:\/\/funvi.gob.ve\/?page_id=19","title":{"rendered":"VISI\u00d3N"},"content":{"rendered":"\n<p>Representar un modelo de gesti\u00f3n social que garantice y materialice los derechos de la poblaci\u00f3n a trav\u00e9s de proyectos que apoye la transformaci\u00f3n de los espacios urban\u00edsticos y de salud p\u00fablica del Distrito Capital, articulando la inclusi\u00f3n humanista solidaria, autosustentable y socialista para lograr la adecuada convivencia y bienestar de sus habitantes, el mejoramiento continuo de nuestros procesos y la eficacia del sistema de gesti\u00f3n de calidad, lograr que todo nuestro personal se sienta motivado y orgulloso de pertenecer a nuestra Fundaci\u00f3n, fomentando la capacidad de crear valor y de innovar para dar respuesta a las nuevas necesidades sociales. <\/p>\n\n\n\n<p>As\u00ed mismo, fortalecer y crear mecanismos que garanticen la estabilidad de la inversi\u00f3n estrat\u00e9gica de la Rep\u00fablica, en materia social, econ\u00f3mica e infraestructura, para que en estas materias se puedan realizar obras que maximice el pleno empleo, con puestos de trabajos que mejoren la calidad de vida de la poblaci\u00f3n, adem\u00e1s de crear obras que permitan el bienestar social de la poblaci\u00f3n desde al gasto publico productivo.<\/p>\n","protected":false},"excerpt":{"rendered":"<p>Representar un modelo de gesti\u00f3n social que garantice y materialice los derechos de la poblaci\u00f3n a trav\u00e9s de proyectos que apoye la transformaci\u00f3n de los espacios urban\u00edsticos y de salud p\u00fablica del Distrito Capital, articulando la inclusi\u00f3n humanista solidaria, autosustentable y socialista para lograr la adecuada convivencia y bienestar de sus habitantes, el mejoramiento continuo [&hellip;]<\/p>\n","protected":false},"author":2,"featured_media":0,"parent":0,"menu_order":0,"comment_status":"closed","ping_status":"closed","template":"","meta":{"footnotes":""},"class_list":["post-19","page","type-page","status-publish","hentry"],"yoast_head":"<!-- This site is optimized with the Yoast SEO plugin v23.3 - https:\/\/yoast.com\/wordpress\/plugins\/seo\/ -->\n<title>VISI\u00d3N - FUNVI<\/title>\n<meta name=\"robots\" content=\"index, follow, max-snippet:-1, max-image-preview:large, max-video-preview:-1\" \/>\n<link rel=\"canonical\" href=\"https:\/\/funvi.gob.ve\/?page_id=19\" \/>\n<meta property=\"og:locale\" content=\"es_ES\" \/>\n<meta property=\"og:type\" content=\"article\" \/>\n<meta property=\"og:title\" content=\"VISI\u00d3N - FUNVI\" \/>\n<meta property=\"og:description\" content=\"Representar un modelo de gesti\u00f3n social que garantice y materialice los derechos de la poblaci\u00f3n a trav\u00e9s de proyectos que apoye la transformaci\u00f3n de los espacios urban\u00edsticos y de salud p\u00fablica del Distrito Capital, articulando la inclusi\u00f3n humanista solidaria, autosustentable y socialista para lograr la adecuada convivencia y bienestar de sus habitantes, el mejoramiento continuo [&hellip;]\" \/>\n<meta property=\"og:url\" content=\"https:\/\/funvi.gob.ve\/?page_id=19\" \/>\n<meta property=\"og:site_name\" content=\"FUNVI\" \/>\n<meta property=\"article:publisher\" content=\"https:\/\/www.facebook.com\/funvi.gdc.10\" \/>\n<meta property=\"article:modified_time\" content=\"2024-03-26T18:59:10+00:00\" \/>\n<meta name=\"twitter:card\" content=\"summary_large_image\" \/>\n<meta name=\"twitter:site\" content=\"@gdcfunvl\" \/>\n<meta name=\"twitter:label1\" content=\"Tiempo estimado de lectura\" \/>\n\t<meta name=\"twitter:data1\" content=\"1 minuto\" \/>\n<script type=\"application\/ld+json\" class=\"yoast-schema-graph\">{\"@context\":\"https:\/\/schema.org\",\"@graph\":[{\"@type\":\"WebPage\",\"@id\":\"https:\/\/funvi.gob.ve\/?page_id=19\",\"url\":\"https:\/\/funvi.gob.ve\/?page_id=19\",\"name\":\"VISI\u00d3N - FUNVI\",\"isPartOf\":{\"@id\":\"https:\/\/funvi.gob.ve\/#website\"},\"datePublished\":\"2024-03-22T18:46:22+00:00\",\"dateModified\":\"2024-03-26T18:59:10+00:00\",\"breadcrumb\":{\"@id\":\"https:\/\/funvi.gob.ve\/?page_id=19#breadcrumb\"},\"inLanguage\":\"es\",\"potentialAction\":[{\"@type\":\"ReadAction\",\"target\":[\"https:\/\/funvi.gob.ve\/?page_id=19\"]}]},{\"@type\":\"BreadcrumbList\",\"@id\":\"https:\/\/funvi.gob.ve\/?page_id=19#breadcrumb\",\"itemListElement\":[{\"@type\":\"ListItem\",\"position\":1,\"name\":\"Portada\",\"item\":\"https:\/\/funvi.gob.ve\/\"},{\"@type\":\"ListItem\",\"position\":2,\"name\":\"VISI\u00d3N\"}]},{\"@type\":\"WebSite\",\"@id\":\"https:\/\/funvi.gob.ve\/#website\",\"url\":\"https:\/\/funvi.gob.ve\/\",\"name\":\"FUNVI\",\"description\":\"Fundaci\u00f3n Vivienda\",\"publisher\":{\"@id\":\"https:\/\/funvi.gob.ve\/#organization\"},\"potentialAction\":[{\"@type\":\"SearchAction\",\"target\":{\"@type\":\"EntryPoint\",\"urlTemplate\":\"https:\/\/funvi.gob.ve\/?s={search_term_string}\"},\"query-input\":\"required name=search_term_string\"}],\"inLanguage\":\"es\"},{\"@type\":\"Organization\",\"@id\":\"https:\/\/funvi.gob.ve\/#organization\",\"name\":\"FUNVI\",\"url\":\"https:\/\/funvi.gob.ve\/\",\"logo\":{\"@type\":\"ImageObject\",\"inLanguage\":\"es\",\"@id\":\"https:\/\/funvi.gob.ve\/#\/schema\/logo\/image\/\",\"url\":\"https:\/\/funvi.gob.ve\/wp-content\/uploads\/2024\/03\/FUNVI.jpg\",\"contentUrl\":\"https:\/\/funvi.gob.ve\/wp-content\/uploads\/2024\/03\/FUNVI.jpg\",\"width\":225,\"height\":225,\"caption\":\"FUNVI\"},\"image\":{\"@id\":\"https:\/\/funvi.gob.ve\/#\/schema\/logo\/image\/\"},\"sameAs\":[\"https:\/\/www.facebook.com\/funvi.gdc.10\",\"https:\/\/x.com\/gdcfunvl\",\"https:\/\/www.instagram.com\/gdcfunvi\/\"]}]}<\/script>\n<!-- \/ Yoast SEO plugin. -->","yoast_head_json":{"title":"VISI\u00d3N - FUNVI","robots":{"index":"index","follow":"follow","max-snippet":"max-snippet:-1","max-image-preview":"max-image-preview:large","max-video-preview":"max-video-preview:-1"},"canonical":"https:\/\/funvi.gob.ve\/?page_id=19","og_locale":"es_ES","og_type":"article","og_title":"VISI\u00d3N - FUNVI","og_description":"Representar un modelo de gesti\u00f3n social que garantice y materialice los derechos de la poblaci\u00f3n a trav\u00e9s de proyectos que apoye la transformaci\u00f3n de los espacios urban\u00edsticos y de salud p\u00fablica del Distrito Capital, articulando la inclusi\u00f3n humanista solidaria, autosustentable y socialista para lograr la adecuada convivencia y bienestar de sus habitantes, el mejoramiento continuo [&hellip;]","og_url":"https:\/\/funvi.gob.ve\/?page_id=19","og_site_name":"FUNVI","article_publisher":"https:\/\/www.facebook.com\/funvi.gdc.10","article_modified_time":"2024-03-26T18:59:10+00:00","twitter_card":"summary_large_image","twitter_site":"@gdcfunvl","twitter_misc":{"Tiempo estimado de lectura":"1 minuto"},"schema":{"@context":"https:\/\/schema.org","@graph":[{"@type":"WebPage","@id":"https:\/\/funvi.gob.ve\/?page_id=19","url":"https:\/\/funvi.gob.ve\/?page_id=19","name":"VISI\u00d3N - FUNVI","isPartOf":{"@id":"https:\/\/funvi.gob.ve\/#website"},"datePublished":"2024-03-22T18:46:22+00:00","dateModified":"2024-03-26T18:59:10+00:00","breadcrumb":{"@id":"https:\/\/funvi.gob.ve\/?page_id=19#breadcrumb"},"inLanguage":"es","potentialAction":[{"@type":"ReadAction","target":["https:\/\/funvi.gob.ve\/?page_id=19"]}]},{"@type":"BreadcrumbList","@id":"https:\/\/funvi.gob.ve\/?page_id=19#breadcrumb","itemListElement":[{"@type":"ListItem","position":1,"name":"Portada","item":"https:\/\/funvi.gob.ve\/"},{"@type":"ListItem","position":2,"name":"VISI\u00d3N"}]},{"@type":"WebSite","@id":"https:\/\/funvi.gob.ve\/#website","url":"https:\/\/funvi.gob.ve\/","name":"FUNVI","description":"Fundaci\u00f3n Vivienda","publisher":{"@id":"https:\/\/funvi.gob.ve\/#organization"},"potentialAction":[{"@type":"SearchAction","target":{"@type":"EntryPoint","urlTemplate":"https:\/\/funvi.gob.ve\/?s={search_term_string}"},"query-input":"required name=search_term_string"}],"inLanguage":"es"},{"@type":"Organization","@id":"https:\/\/funvi.gob.ve\/#organization","name":"FUNVI","url":"https:\/\/funvi.gob.ve\/","logo":{"@type":"ImageObject","inLanguage":"es","@id":"https:\/\/funvi.gob.ve\/#\/schema\/logo\/image\/","url":"https:\/\/funvi.gob.ve\/wp-content\/uploads\/2024\/03\/FUNVI.jpg","contentUrl":"https:\/\/funvi.gob.ve\/wp-content\/uploads\/2024\/03\/FUNVI.jpg","width":225,"height":225,"caption":"FUNVI"},"image":{"@id":"https:\/\/funvi.gob.ve\/#\/schema\/logo\/image\/"},"sameAs":["https:\/\/www.facebook.com\/funvi.gdc.10","https:\/\/x.com\/gdcfunvl","https:\/\/www.instagram.com\/gdcfunvi\/"]}]}},"jetpack_sharing_enabled":true,"_links":{"self":[{"href":"https:\/\/funvi.gob.ve\/index.php?rest_route=\/wp\/v2\/pages\/19"}],"collection":[{"href":"https:\/\/funvi.gob.ve\/index.php?rest_route=\/wp\/v2\/pages"}],"about":[{"href":"https:\/\/funvi.gob.ve\/index.php?rest_route=\/wp\/v2\/types\/page"}],"author":[{"embeddable":true,"href":"https:\/\/funvi.gob.ve\/index.php?rest_route=\/wp\/v2\/users\/2"}],"replies":[{"embeddable":true,"href":"https:\/\/funvi.gob.ve\/index.php?rest_route=%2Fwp%2Fv2%2Fcomments&post=19"}],"version-history":[{"count":4,"href":"https:\/\/funvi.gob.ve\/index.php?rest_route=\/wp\/v2\/pages\/19\/revisions"}],"predecessor-version":[{"id":87,"href":"https:\/\/funvi.gob.ve\/index.php?rest_route=\/wp\/v2\/pages\/19\/revisions\/87"}],"wp:attachment":[{"href":"https:\/\/funvi.gob.ve\/index.php?rest_route=%2Fwp%2Fv2%2Fmedia&parent=19"}],"curies":[{"name":"wp","href":"https:\/\/api.w.org\/{rel}","templated":true}]}}